{"id":1724,"date":"2024-04-06T19:34:23","date_gmt":"2024-04-06T19:34:23","guid":{"rendered":"https:\/\/irelt.com\/?page_id=1724"},"modified":"2025-11-13T16:26:37","modified_gmt":"2025-11-13T16:26:37","slug":"elain","status":"publish","type":"page","link":"https:\/\/irelt.com\/fi\/elain\/","title":{"rendered":"EL\u00c4IN"},"content":{"rendered":"\t\t<div data-elementor-type=\"wp-page\" data-elementor-id=\"1724\" class=\"elementor elementor-1724\" data-elementor-post-type=\"page\">\n\t\t\t\t<div class=\"elementor-element elementor-element-b684111 e-con-full e-flex e-con e-parent\" data-id=\"b684111\" data-element_type=\"container\">\n\t\t\t\t<div class=\"elementor-element elementor-element-f38edaf elementor-pagination-position-inside elementor-widget-mobile__width-initial elementor-arrows-position-inside elementor-widget elementor-widget-image-carousel\" data-id=\"f38edaf\" data-element_type=\"widget\" data-settings=\"{&quot;slides_to_show&quot;:&quot;1&quot;,&quot;navigation&quot;:&quot;both&quot;,&quot;autoplay&quot;:&quot;yes&quot;,&quot;pause_on_hover&quot;:&quot;yes&quot;,&quot;pause_on_interaction&quot;:&quot;yes&quot;,&quot;autoplay_speed&quot;:5000,&quot;infinite&quot;:&quot;yes&quot;,&quot;effect&quot;:&quot;slide&quot;,&quot;speed&quot;:500}\" data-widget_type=\"image-carousel.default\">\n\t\t\t\t<div class=\"elementor-widget-container\">\n\t\t\t\t\t\t\t<div class=\"elementor-image-carousel-wrapper swiper\" role=\"region\" aria-roledescription=\"carousel\" aria-label=\"Bildkarusell\" dir=\"ltr\">\n\t\t\t<div class=\"elementor-image-carousel swiper-wrapper swiper-image-stretch\" aria-live=\"off\">\n\t\t\t\t\t\t\t\t<div class=\"swiper-slide\" role=\"group\" aria-roledescription=\"slide\" aria-label=\"1 of 3\"><figure class=\"swiper-slide-inner\"><img decoding=\"async\" class=\"swiper-slide-image\" src=\"https:\/\/irelt.com\/wp-content\/uploads\/2024\/02\/IRELT-1.jpg\" alt=\"IRELT-1\" \/><\/figure><\/div><div class=\"swiper-slide\" role=\"group\" aria-roledescription=\"slide\" aria-label=\"2 of 3\"><figure class=\"swiper-slide-inner\"><img decoding=\"async\" class=\"swiper-slide-image\" src=\"https:\/\/irelt.com\/wp-content\/uploads\/2024\/02\/IRELT-2-1.jpg\" alt=\"IRELT-2\" \/><\/figure><\/div><div class=\"swiper-slide\" role=\"group\" aria-roledescription=\"slide\" aria-label=\"3 of 3\"><figure class=\"swiper-slide-inner\"><img decoding=\"async\" class=\"swiper-slide-image\" src=\"https:\/\/irelt.com\/wp-content\/uploads\/2024\/02\/IRELT-3.jpg\" alt=\"IRELT-3\" \/><\/figure><\/div>\t\t\t<\/div>\n\t\t\t\t\t\t\t\t\t\t\t\t<div class=\"elementor-swiper-button elementor-swiper-button-prev\" role=\"button\" tabindex=\"0\">\n\t\t\t\t\t\t<svg aria-hidden=\"true\" class=\"e-font-icon-svg e-eicon-chevron-left\" viewBox=\"0 0 1000 1000\" xmlns=\"http:\/\/www.w3.org\/2000\/svg\"><path d=\"M646 125C629 125 613 133 604 142L308 442C296 454 292 471 292 487 292 504 296 521 308 533L604 854C617 867 629 875 646 875 663 875 679 871 692 858 704 846 713 829 713 812 713 796 708 779 692 767L438 487 692 225C700 217 708 204 708 187 708 171 704 154 692 142 675 129 663 125 646 125Z\"><\/path><\/svg>\t\t\t\t\t<\/div>\n\t\t\t\t\t<div class=\"elementor-swiper-button elementor-swiper-button-next\" role=\"button\" tabindex=\"0\">\n\t\t\t\t\t\t<svg aria-hidden=\"true\" class=\"e-font-icon-svg e-eicon-chevron-right\" viewBox=\"0 0 1000 1000\" xmlns=\"http:\/\/www.w3.org\/2000\/svg\"><path d=\"M696 533C708 521 713 504 713 487 713 471 708 454 696 446L400 146C388 133 375 125 354 125 338 125 325 129 313 142 300 154 292 171 292 187 292 204 296 221 308 233L563 492 304 771C292 783 288 800 288 817 288 833 296 850 308 863 321 871 338 875 354 875 371 875 388 867 400 854L696 533Z\"><\/path><\/svg>\t\t\t\t\t<\/div>\n\t\t\t\t\n\t\t\t\t\t\t\t\t\t<div class=\"swiper-pagination\"><\/div>\n\t\t\t\t\t\t\t\t\t<\/div>\n\t\t\t\t\t\t<\/div>\n\t\t\t\t<\/div>\n\t\t\t\t<\/div>\n\t\t<div class=\"elementor-element elementor-element-01d57b1 e-flex e-con-boxed e-con e-parent\" data-id=\"01d57b1\" data-element_type=\"container\">\n\t\t\t\t\t<div class=\"e-con-inner\">\n\t\t\t\t<div class=\"elementor-element elementor-element-b9aab7d elementor-widget elementor-widget-text-editor\" data-id=\"b9aab7d\" data-element_type=\"widget\" data-widget_type=\"text-editor.default\">\n\t\t\t\t<div class=\"elementor-widget-container\">\n\t\t\t\t\t\t\t\t\tIRELT on ainoa jolla on k\u00e4yt\u00f6ss\u00e4\u00e4n t\u00e4m\u00e4 ainutlaatuinen teknologia!\t\t\t\t\t\t\t\t<\/div>\n\t\t\t\t<\/div>\n\t\t\t\t\t<\/div>\n\t\t\t\t<\/div>\n\t\t<div class=\"elementor-element elementor-element-5417d54 e-flex e-con-boxed e-con e-parent\" data-id=\"5417d54\" data-element_type=\"container\">\n\t\t\t\t\t<div class=\"e-con-inner\">\n\t\t<div class=\"elementor-element elementor-element-38d2b74 e-con-full e-flex e-con e-child\" data-id=\"38d2b74\" data-element_type=\"container\">\n\t\t\t\t<div class=\"elementor-element elementor-element-7a47792 elementor-widget__width-inherit elementor-widget elementor-widget-heading\" data-id=\"7a47792\" data-element_type=\"widget\" data-widget_type=\"heading.default\">\n\t\t\t\t<div class=\"elementor-widget-container\">\n\t\t\t\t\t<h2 class=\"elementor-heading-title elementor-size-default\">IRELT MEGA STRONG<\/h2>\t\t\t\t<\/div>\n\t\t\t\t<\/div>\n\t\t\t\t<div class=\"elementor-element elementor-element-d79e237 elementor-widget elementor-widget-heading\" data-id=\"d79e237\" data-element_type=\"widget\" data-widget_type=\"heading.default\">\n\t\t\t\t<div class=\"elementor-widget-container\">\n\t\t\t\t\t<h2 class=\"elementor-heading-title elementor-size-default\">IRELT ANTAA HOITAVAA SYV\u00c4LLE TUNKEUTUVAA INFRAPUNA HOITOA ERITT\u00c4IN TEHOKKAALLA INFRAPUNA VALOLLA JONKA PITK\u00c4N AALLON HUIPPU ON 1600NM<\/h2>\t\t\t\t<\/div>\n\t\t\t\t<\/div>\n\t\t\t\t<div class=\"elementor-element elementor-element-7480a5b elementor-widget elementor-widget-text-editor\" data-id=\"7480a5b\" data-element_type=\"widget\" data-widget_type=\"text-editor.default\">\n\t\t\t\t<div class=\"elementor-widget-container\">\n\t\t\t\t\t\t\t\t\t<p>IRELTilla ei ole mit\u00e4\u00e4n tekemist\u00e4 tavallisen hevos solariumin kanssa. IRELTia voi k\u00e4ytt\u00e4\u00e4 kaikki ja sen positiiviset ominaisuudet hy\u00f6dytt\u00e4\u00e4 hevosia jotka harjoittelevat paljon ennen kilpailua, harrastus hevosia sek\u00e4 ammattik\u00e4yt\u00f6ss\u00e4 olevia hevosia. Edut n\u00e4kyv\u00e4t IRELTin ensimm\u00e4isen k\u00e4ytt\u00f6kerran j\u00e4lkeen.<\/p><p>IRELT on ainoa joka k\u00e4ytt\u00e4\u00e4 t\u00e4t\u00e4 teknologiaa. Sen tehokkaat pitk\u00e4n aallon infrapunas\u00e4teet tunkeutuvat syv\u00e4lle hevosen kudoksiin ja lihaksiin, toisin kuin tavanomaiset hevossolariumit joissa valol\u00e4hteen\u00e4 on lamppuja jotka on suunniteltu porsaiden ja kanojen kasvattamiseen. Ne l\u00e4hett\u00e4v\u00e4t lyhyen aallon valoa joka antaa vain pinnallista l\u00e4mp\u00f6\u00e4. IRELTiss\u00e4 on eritt\u00e4in tehokkaat IRELT MEGA STRONG loisteputket.<\/p><p>IRELTin tehokkaat pitk\u00e4n aallon infrapunas\u00e4teet tunkeutuvat syv\u00e4lle kudoksiin ja lihaksiin ja antavat tehokkaan hoidon sek\u00e4 kuivan ja kiilt\u00e4v\u00e4n karvan. Vain muutama minuutti IRELTiss\u00e4 tarjoaa rauhoittavan ja rentouttavan vaikutuksen.<\/p>\t\t\t\t\t\t\t\t<\/div>\n\t\t\t\t<\/div>\n\t\t\t\t<\/div>\n\t\t<div class=\"elementor-element elementor-element-a0f4855 e-con-full e-flex e-con e-child\" data-id=\"a0f4855\" data-element_type=\"container\">\n\t\t\t\t<div class=\"elementor-element elementor-element-1ade8ee elementor-widget elementor-widget-image\" data-id=\"1ade8ee\" data-element_type=\"widget\" data-widget_type=\"image.default\">\n\t\t\t\t<div class=\"elementor-widget-container\">\n\t\t\t\t\t\t\t\t\t\t\t\t\t\t\t<img fetchpriority=\"high\" decoding=\"async\" width=\"1024\" height=\"683\" src=\"https:\/\/irelt.com\/wp-content\/uploads\/2024\/04\/big-soll.jpg\" class=\"attachment-large size-large wp-image-1385\" alt=\"\" srcset=\"https:\/\/irelt.com\/wp-content\/uploads\/2024\/04\/big-soll.jpg 1024w, https:\/\/irelt.com\/wp-content\/uploads\/2024\/04\/big-soll-600x400.jpg 600w, https:\/\/irelt.com\/wp-content\/uploads\/2024\/04\/big-soll-300x200.jpg 300w, https:\/\/irelt.com\/wp-content\/uploads\/2024\/04\/big-soll-768x512.jpg 768w\" sizes=\"(max-width: 1024px) 100vw, 1024px\" \/>\t\t\t\t\t\t\t\t\t\t\t\t\t\t\t<\/div>\n\t\t\t\t<\/div>\n\t\t\t\t<\/div>\n\t\t\t\t\t<\/div>\n\t\t\t\t<\/div>\n\t\t<div class=\"elementor-element elementor-element-382560e e-flex e-con-boxed e-con e-parent\" data-id=\"382560e\" data-element_type=\"container\">\n\t\t\t\t\t<div class=\"e-con-inner\">\n\t\t\t\t<div class=\"elementor-element elementor-element-0044dac elementor-widget elementor-widget-heading\" data-id=\"0044dac\" data-element_type=\"widget\" data-widget_type=\"heading.default\">\n\t\t\t\t<div class=\"elementor-widget-container\">\n\t\t\t\t\t<h2 class=\"elementor-heading-title elementor-size-default\">NYT MY\u00d6S KOIRALLE JA KISSALLE\n<\/h2>\t\t\t\t<\/div>\n\t\t\t\t<\/div>\n\t\t\t\t\t<\/div>\n\t\t\t\t<\/div>\n\t\t<div class=\"elementor-element elementor-element-ab87c8f e-flex e-con-boxed e-con e-parent\" data-id=\"ab87c8f\" data-element_type=\"container\">\n\t\t\t\t\t<div class=\"e-con-inner\">\n\t\t\t\t<div class=\"elementor-element elementor-element-2c78749 elementor-widget elementor-widget-gallery\" data-id=\"2c78749\" data-element_type=\"widget\" data-settings=\"{&quot;columns&quot;:2,&quot;aspect_ratio&quot;:&quot;16:9&quot;,&quot;lazyload&quot;:&quot;yes&quot;,&quot;gallery_layout&quot;:&quot;grid&quot;,&quot;columns_tablet&quot;:2,&quot;columns_mobile&quot;:1,&quot;gap&quot;:{&quot;unit&quot;:&quot;px&quot;,&quot;size&quot;:10,&quot;sizes&quot;:[]},&quot;gap_tablet&quot;:{&quot;unit&quot;:&quot;px&quot;,&quot;size&quot;:10,&quot;sizes&quot;:[]},&quot;gap_mobile&quot;:{&quot;unit&quot;:&quot;px&quot;,&quot;size&quot;:10,&quot;sizes&quot;:[]},&quot;link_to&quot;:&quot;file&quot;,&quot;overlay_background&quot;:&quot;yes&quot;,&quot;content_hover_animation&quot;:&quot;fade-in&quot;}\" data-widget_type=\"gallery.default\">\n\t\t\t\t<div class=\"elementor-widget-container\">\n\t\t\t\t\t\t\t<div class=\"elementor-gallery__container\">\n\t\t\t\t\t\t\t<a class=\"e-gallery-item elementor-gallery-item elementor-animated-content\" href=\"https:\/\/irelt.com\/wp-content\/uploads\/2024\/04\/IRELT-AH1-Hund-Katt-2.jpg\" data-elementor-open-lightbox=\"yes\" data-elementor-lightbox-slideshow=\"2c78749\" data-elementor-lightbox-title=\"IRELT AH1 Hund &amp; Katt 2\" data-e-action-hash=\"#elementor-action%3Aaction%3Dlightbox%26settings%3DeyJpZCI6MTU1NCwidXJsIjoiaHR0cHM6XC9cL2lyZWx0LmNvbVwvd3AtY29udGVudFwvdXBsb2Fkc1wvMjAyNFwvMDRcL0lSRUxULUFIMS1IdW5kLUthdHQtMi5qcGciLCJzbGlkZXNob3ciOiIyYzc4NzQ5In0%3D\">\n\t\t\t\t\t<div class=\"e-gallery-image elementor-gallery-item__image\" data-thumbnail=\"https:\/\/irelt.com\/wp-content\/uploads\/2024\/04\/IRELT-AH1-Hund-Katt-2.jpg\" data-width=\"1138\" data-height=\"640\" aria-label=\"\" role=\"img\" ><\/div>\n\t\t\t\t\t\t\t\t\t\t\t<div class=\"elementor-gallery-item__overlay\"><\/div>\n\t\t\t\t\t\t\t\t\t\t\t\t\t\t<\/a>\n\t\t\t\t\t\t\t<a class=\"e-gallery-item elementor-gallery-item elementor-animated-content\" href=\"https:\/\/irelt.com\/wp-content\/uploads\/2024\/04\/IRELT-AH1-Hund-Katt-1-scaled.jpg\" data-elementor-open-lightbox=\"yes\" data-elementor-lightbox-slideshow=\"2c78749\" data-elementor-lightbox-title=\"IRELT AH1 Hund &amp; Katt 1\" data-e-action-hash=\"#elementor-action%3Aaction%3Dlightbox%26settings%3DeyJpZCI6MTU1MywidXJsIjoiaHR0cHM6XC9cL2lyZWx0LmNvbVwvd3AtY29udGVudFwvdXBsb2Fkc1wvMjAyNFwvMDRcL0lSRUxULUFIMS1IdW5kLUthdHQtMS1zY2FsZWQuanBnIiwic2xpZGVzaG93IjoiMmM3ODc0OSJ9\">\n\t\t\t\t\t<div class=\"e-gallery-image elementor-gallery-item__image\" data-thumbnail=\"https:\/\/irelt.com\/wp-content\/uploads\/2024\/04\/IRELT-AH1-Hund-Katt-1-scaled.jpg\" data-width=\"1707\" data-height=\"2560\" aria-label=\"\" role=\"img\" ><\/div>\n\t\t\t\t\t\t\t\t\t\t\t<div class=\"elementor-gallery-item__overlay\"><\/div>\n\t\t\t\t\t\t\t\t\t\t\t\t\t\t<\/a>\n\t\t\t\t\t<\/div>\n\t\t\t\t\t<\/div>\n\t\t\t\t<\/div>\n\t\t\t\t\t<\/div>\n\t\t\t\t<\/div>\n\t\t\t\t<\/div>\n\t\t","protected":false},"excerpt":{"rendered":"<p>IRELT on ainoa jolla on k\u00e4yt\u00f6ss\u00e4\u00e4n t\u00e4m\u00e4 ainutlaatuinen teknologia! IRELT MEGA STRONG IRELT ANTAA HOITAVAA SYV\u00c4LLE TUNKEUTUVAA INFRAPUNA HOITOA ERITT\u00c4IN TEHOKKAALLA INFRAPUNA VALOLLA JONKA PITK\u00c4N AALLON HUIPPU ON 1600NM IRELTilla ei ole mit\u00e4\u00e4n tekemist\u00e4 tavallisen hevos solariumin kanssa. IRELTia voi k\u00e4ytt\u00e4\u00e4 kaikki ja sen positiiviset ominaisuudet hy\u00f6dytt\u00e4\u00e4 hevosia jotka harjoittelevat paljon ennen kilpailua, harrastus hevosia [&hellip;]<\/p>\n","protected":false},"author":1,"featured_media":0,"parent":0,"menu_order":0,"comment_status":"closed","ping_status":"closed","template":"","meta":{"footnotes":""},"class_list":["post-1724","page","type-page","status-publish","hentry"],"blocksy_meta":[],"yoast_head":"<!-- This site is optimized with the Yoast SEO plugin v24.0 - https:\/\/yoast.com\/wordpress\/plugins\/seo\/ -->\n<title>EL\u00c4IN | IRELT<\/title>\n<meta name=\"robots\" content=\"index, follow, max-snippet:-1, max-image-preview:large, max-video-preview:-1\" \/>\n<link rel=\"canonical\" href=\"https:\/\/irelt.com\/fi\/elain\/\" \/>\n<meta property=\"og:locale\" content=\"fi_FI\" \/>\n<meta property=\"og:type\" content=\"article\" \/>\n<meta property=\"og:title\" content=\"EL\u00c4IN | IRELT\" \/>\n<meta property=\"og:description\" content=\"IRELT on ainoa jolla on k\u00e4yt\u00f6ss\u00e4\u00e4n t\u00e4m\u00e4 ainutlaatuinen teknologia! IRELT MEGA STRONG IRELT ANTAA HOITAVAA SYV\u00c4LLE TUNKEUTUVAA INFRAPUNA HOITOA ERITT\u00c4IN TEHOKKAALLA INFRAPUNA VALOLLA JONKA PITK\u00c4N AALLON HUIPPU ON 1600NM IRELTilla ei ole mit\u00e4\u00e4n tekemist\u00e4 tavallisen hevos solariumin kanssa. IRELTia voi k\u00e4ytt\u00e4\u00e4 kaikki ja sen positiiviset ominaisuudet hy\u00f6dytt\u00e4\u00e4 hevosia jotka harjoittelevat paljon ennen kilpailua, harrastus hevosia [&hellip;]\" \/>\n<meta property=\"og:url\" content=\"https:\/\/irelt.com\/fi\/elain\/\" \/>\n<meta property=\"og:site_name\" content=\"IRELT\" \/>\n<meta property=\"article:modified_time\" content=\"2025-11-13T16:26:37+00:00\" \/>\n<meta property=\"og:image\" content=\"https:\/\/irelt.com\/wp-content\/uploads\/2024\/02\/IRELT-1.jpg\" \/>\n<meta name=\"twitter:card\" content=\"summary_large_image\" \/>\n<meta name=\"twitter:label1\" content=\"Arvioitu lukuaika\" \/>\n\t<meta name=\"twitter:data1\" content=\"3 minuutti\" \/>\n<script type=\"application\/ld+json\" class=\"yoast-schema-graph\">{\"@context\":\"https:\/\/schema.org\",\"@graph\":[{\"@type\":\"WebPage\",\"@id\":\"https:\/\/irelt.com\/fi\/elain\/\",\"url\":\"https:\/\/irelt.com\/fi\/elain\/\",\"name\":\"EL\u00c4IN | IRELT\",\"isPartOf\":{\"@id\":\"https:\/\/irelt.com\/fi\/#website\"},\"primaryImageOfPage\":{\"@id\":\"https:\/\/irelt.com\/fi\/elain\/#primaryimage\"},\"image\":{\"@id\":\"https:\/\/irelt.com\/fi\/elain\/#primaryimage\"},\"thumbnailUrl\":\"https:\/\/irelt.com\/wp-content\/uploads\/2024\/02\/IRELT-1.jpg\",\"datePublished\":\"2024-04-06T19:34:23+00:00\",\"dateModified\":\"2025-11-13T16:26:37+00:00\",\"breadcrumb\":{\"@id\":\"https:\/\/irelt.com\/fi\/elain\/#breadcrumb\"},\"inLanguage\":\"fi\",\"potentialAction\":[{\"@type\":\"ReadAction\",\"target\":[\"https:\/\/irelt.com\/fi\/elain\/\"]}]},{\"@type\":\"ImageObject\",\"inLanguage\":\"fi\",\"@id\":\"https:\/\/irelt.com\/fi\/elain\/#primaryimage\",\"url\":\"https:\/\/irelt.com\/wp-content\/uploads\/2024\/02\/IRELT-1.jpg\",\"contentUrl\":\"https:\/\/irelt.com\/wp-content\/uploads\/2024\/02\/IRELT-1.jpg\"},{\"@type\":\"BreadcrumbList\",\"@id\":\"https:\/\/irelt.com\/fi\/elain\/#breadcrumb\",\"itemListElement\":[{\"@type\":\"ListItem\",\"position\":1,\"name\":\"Hem\",\"item\":\"https:\/\/irelt.com\/fi\/\"},{\"@type\":\"ListItem\",\"position\":2,\"name\":\"EL\u00c4IN\"}]},{\"@type\":\"WebSite\",\"@id\":\"https:\/\/irelt.com\/fi\/#website\",\"url\":\"https:\/\/irelt.com\/fi\/\",\"name\":\"IRELT\",\"description\":\"\",\"potentialAction\":[{\"@type\":\"SearchAction\",\"target\":{\"@type\":\"EntryPoint\",\"urlTemplate\":\"https:\/\/irelt.com\/fi\/?s={search_term_string}\"},\"query-input\":{\"@type\":\"PropertyValueSpecification\",\"valueRequired\":true,\"valueName\":\"search_term_string\"}}],\"inLanguage\":\"fi\"}]}<\/script>\n<!-- \/ Yoast SEO plugin. -->","yoast_head_json":{"title":"EL\u00c4IN | IRELT","robots":{"index":"index","follow":"follow","max-snippet":"max-snippet:-1","max-image-preview":"max-image-preview:large","max-video-preview":"max-video-preview:-1"},"canonical":"https:\/\/irelt.com\/fi\/elain\/","og_locale":"fi_FI","og_type":"article","og_title":"EL\u00c4IN | IRELT","og_description":"IRELT on ainoa jolla on k\u00e4yt\u00f6ss\u00e4\u00e4n t\u00e4m\u00e4 ainutlaatuinen teknologia! IRELT MEGA STRONG IRELT ANTAA HOITAVAA SYV\u00c4LLE TUNKEUTUVAA INFRAPUNA HOITOA ERITT\u00c4IN TEHOKKAALLA INFRAPUNA VALOLLA JONKA PITK\u00c4N AALLON HUIPPU ON 1600NM IRELTilla ei ole mit\u00e4\u00e4n tekemist\u00e4 tavallisen hevos solariumin kanssa. IRELTia voi k\u00e4ytt\u00e4\u00e4 kaikki ja sen positiiviset ominaisuudet hy\u00f6dytt\u00e4\u00e4 hevosia jotka harjoittelevat paljon ennen kilpailua, harrastus hevosia [&hellip;]","og_url":"https:\/\/irelt.com\/fi\/elain\/","og_site_name":"IRELT","article_modified_time":"2025-11-13T16:26:37+00:00","og_image":[{"url":"https:\/\/irelt.com\/wp-content\/uploads\/2024\/02\/IRELT-1.jpg","type":"","width":"","height":""}],"twitter_card":"summary_large_image","twitter_misc":{"Arvioitu lukuaika":"3 minuutti"},"schema":{"@context":"https:\/\/schema.org","@graph":[{"@type":"WebPage","@id":"https:\/\/irelt.com\/fi\/elain\/","url":"https:\/\/irelt.com\/fi\/elain\/","name":"EL\u00c4IN | IRELT","isPartOf":{"@id":"https:\/\/irelt.com\/fi\/#website"},"primaryImageOfPage":{"@id":"https:\/\/irelt.com\/fi\/elain\/#primaryimage"},"image":{"@id":"https:\/\/irelt.com\/fi\/elain\/#primaryimage"},"thumbnailUrl":"https:\/\/irelt.com\/wp-content\/uploads\/2024\/02\/IRELT-1.jpg","datePublished":"2024-04-06T19:34:23+00:00","dateModified":"2025-11-13T16:26:37+00:00","breadcrumb":{"@id":"https:\/\/irelt.com\/fi\/elain\/#breadcrumb"},"inLanguage":"fi","potentialAction":[{"@type":"ReadAction","target":["https:\/\/irelt.com\/fi\/elain\/"]}]},{"@type":"ImageObject","inLanguage":"fi","@id":"https:\/\/irelt.com\/fi\/elain\/#primaryimage","url":"https:\/\/irelt.com\/wp-content\/uploads\/2024\/02\/IRELT-1.jpg","contentUrl":"https:\/\/irelt.com\/wp-content\/uploads\/2024\/02\/IRELT-1.jpg"},{"@type":"BreadcrumbList","@id":"https:\/\/irelt.com\/fi\/elain\/#breadcrumb","itemListElement":[{"@type":"ListItem","position":1,"name":"Hem","item":"https:\/\/irelt.com\/fi\/"},{"@type":"ListItem","position":2,"name":"EL\u00c4IN"}]},{"@type":"WebSite","@id":"https:\/\/irelt.com\/fi\/#website","url":"https:\/\/irelt.com\/fi\/","name":"IRELT","description":"","potentialAction":[{"@type":"SearchAction","target":{"@type":"EntryPoint","urlTemplate":"https:\/\/irelt.com\/fi\/?s={search_term_string}"},"query-input":{"@type":"PropertyValueSpecification","valueRequired":true,"valueName":"search_term_string"}}],"inLanguage":"fi"}]}},"_links":{"self":[{"href":"https:\/\/irelt.com\/fi\/wp-json\/wp\/v2\/pages\/1724","targetHints":{"allow":["GET"]}}],"collection":[{"href":"https:\/\/irelt.com\/fi\/wp-json\/wp\/v2\/pages"}],"about":[{"href":"https:\/\/irelt.com\/fi\/wp-json\/wp\/v2\/types\/page"}],"author":[{"embeddable":true,"href":"https:\/\/irelt.com\/fi\/wp-json\/wp\/v2\/users\/1"}],"replies":[{"embeddable":true,"href":"https:\/\/irelt.com\/fi\/wp-json\/wp\/v2\/comments?post=1724"}],"version-history":[{"count":34,"href":"https:\/\/irelt.com\/fi\/wp-json\/wp\/v2\/pages\/1724\/revisions"}],"predecessor-version":[{"id":6039,"href":"https:\/\/irelt.com\/fi\/wp-json\/wp\/v2\/pages\/1724\/revisions\/6039"}],"wp:attachment":[{"href":"https:\/\/irelt.com\/fi\/wp-json\/wp\/v2\/media?parent=1724"}],"curies":[{"name":"wp","href":"https:\/\/api.w.org\/{rel}","templated":true}]}}