{"id":4976,"date":"2025-10-08T16:30:10","date_gmt":"2025-10-08T16:30:10","guid":{"rendered":"https:\/\/irelt.com\/butik\/irelt-h1-table\/"},"modified":"2026-03-10T18:31:43","modified_gmt":"2026-03-10T18:31:43","slug":"irelt-h1-table","status":"publish","type":"product","link":"https:\/\/irelt.com\/fi\/kauppa\/irelt-h1-table\/","title":{"rendered":"IRELT H1 TABLE"},"content":{"rendered":"<p>Hoito IRELTlla voi esim. johtaa useisiin my\u00f6nteisiin terveysvaikutuksiin jotka nopeuttavat vammojen paranemista ja lyhyemm\u00e4n toipumisajan kilpailun ja kovan ty\u00f6n j\u00e4lkeen. IRELTia voidaan k\u00e4ytt\u00e4\u00e4 saavuttaakseen hy\u00f6dyn ennen kovaa rasitusta vammojen ehk\u00e4isemiseksi sek\u00e4 sen j\u00e4lkeen nopeampaan palautumiseen ja hoitoon.  <\/p>\n<div class=\"product-description-wrapper\">\n<div class=\"product-description-content\">\n<h3>Faktaa IRELT H1 TABLEsta<\/h3>\n<ul>\n<li>Kaikki IRELT tuotteet toimitetaan valmiiksi kasattuina<\/li>\n<li>Infrapuna-aallonpituus 760-3000 Nm<\/li>\n<li>Pitk\u00e4n aallon huippu on 1600 Nm<\/li>\n<li>L\u00e4mp\u00f6s\u00e4teilykentt\u00e4: 60 x 80 cm<\/li>\n<li>Hoitoet\u00e4isyys: noin 30 cm tai niin ett\u00e4 se tuntuu mukavalta<\/li>\n<li>Hoitoaika: 20 minuuttia<\/li>\n<li>Suojalasit mukana<\/li>\n<li>Lamppu: IRELT MEGA STRONG 230V\/250W<\/li>\n<li>Lamppu on t\u00e4ysin UV-s\u00e4teet\u00f6n<\/li>\n<li>Teho: 250W<\/li>\n<li>J\u00e4nnite: 230V<\/li>\n<li>Mitat: leveys 41 cm x korkeus 18 cm x syvyys 14 cm<\/li>\n<li>Paino: n. 4,5 kg <\/li>\n<li>Tuotenumero: H1TABLE<\/li>\n<\/ul>\n<p><img decoding=\"async\" src=\"https:\/\/irelt.com\/wp-content\/uploads\/2025\/10\/IRELT-H1-Table-2.webp\"><br \/>\n<img decoding=\"async\" src=\"https:\/\/irelt.com\/wp-content\/uploads\/2025\/10\/IRELT-H1-Table-4.webp\"><\/p>\n<\/div>\n<div class=\"product-description-content\">\n<h3>K\u00e4ytt\u00f6ohje IRELT H1 Table<\/h3>\n<p>Jotta hyv\u00e4t tulokset voi saavuttaa on yleens\u00e4 otettava IRELT-hoitoa kymmenen kertaa 20 minuuttia kerrallaan. Parhaat tulokset saavutetaan aloittamalla ottaminen 1-2 kertaa p\u00e4iv\u00e4ss\u00e4 4-5 p\u00e4iv\u00e4n ajan. Yleens\u00e4 jo ensimm\u00e4inen hoitokerta auttaa.<br \/>\nEt\u00e4isyys noin 30 cm tai niin ett\u00e4 se tuntuu mukavalta.<br \/>\nK\u00e4yt\u00e4 pakkauksessa olevia suojalaseja kun otat kasvoille.<br \/>\nOle hyv\u00e4 ja noudata turvaohjeita.  <\/p>\n<ul>\n<li>IRELTi\u00e4 voivat k\u00e4ytt\u00e4\u00e4 useimmat ihmiset mutta eiv\u00e4t raskaana olevat naiset ja syd\u00e4mentahdistinta k\u00e4ytt\u00e4v\u00e4t. My\u00f6s jos sinulla on diagnosoitu jokin sairaus tai k\u00e4yt\u00e4t reseptil\u00e4\u00e4kkeit\u00e4 ota yhteytt\u00e4 l\u00e4\u00e4k\u00e4riisi varmistaaksesi etteiv\u00e4t kohonnut ruumiinl\u00e4mp\u00f6, \u200b\u200bverenkierto tai lis\u00e4\u00e4ntynyt hikoilu vaikuta l\u00e4\u00e4kkeisiin tai sairauteen. <\/li>\n<li>Implantit kuten lonkkanivel, polvinivel, levyt, ruuvit, lyijy- ja luuydinnaulat eiv\u00e4t kuumene pitk\u00e4aaltoisilla infrapunas\u00e4teill\u00e4 eik\u00e4 IRELT vaikuta niihin. Jos implantin l\u00e4hell\u00e4 ilmenee kipua IRELT-hoidon yhteydess\u00e4 k\u00e4ytt\u00f6 on luonnollisesti lopetettava. Silikoniset implantit kuten nen\u00e4- tai korvakorvakkeet sek\u00e4 rinnat imev\u00e4t infrapunas\u00e4teit\u00e4. Silikoni kuitenkin sulaa vasta 200 C asteessa. IRELT ei tee mit\u00e4\u00e4n haittaa tai mit\u00e4\u00e4n ep\u00e4suotuisaa n\u00e4ille implanteille mutta ota yhteytt\u00e4 l\u00e4\u00e4k\u00e4riisi tai implantin valmistajan edustajaan.    <\/li>\n<li>IRELTin k\u00e4yt\u00f6n pit\u00e4isi normaalisti saada aikaan miellytt\u00e4v\u00e4 tunne, jos sinulle tulee kipua tai jos jokin sairaus pahenee IRELTin k\u00e4yt\u00f6st\u00e4 sinun tulee lopettaa k\u00e4ytt\u00f6. IRELT ei ole sinulle sopiva t\u00e4ll\u00e4 hetkell\u00e4. <\/li>\n<li>IRELT ei ole tarkoitettu lasten tai henkil\u00f6iden k\u00e4ytt\u00f6\u00f6n joilla ei ole kokemusta ja tietoa<\/li>\n<li>Aseta laite vakaalle ja tasaiselle alustalle<\/li>\n<li>Et\u00e4isyys noin 30 cm tai niin ett\u00e4 se tuntuu mukavalta<\/li>\n<li>Lamppua voidaan kallistaa eri asentoihin oikean kulman saamiseksi<\/li>\n<li>Laita suojalasit p\u00e4\u00e4h\u00e4n kun otat kasvoille<\/li>\n<li>Aloita sitten infrapunahoito painamalla k\u00e4ynnistyspainiketta<\/li>\n<li>Hoito 20 minuuttia<\/li>\n<li>\u00c4l\u00e4 ylit\u00e4 s\u00e4teilyaikaa 20 minuuttia per hoitokerta ja 3 hoitokertaa p\u00e4iv\u00e4ss\u00e4<\/li>\n<li>Irrota laite verkkovirrasta kun hoito on valmis.<\/li>\n<li>Muista juoda vett\u00e4 ennen ja j\u00e4lkeen hoidon<\/li>\n<\/ul>\n<p>Skannaa alla oleva QR-koodi ladataksesi PDF-tiedoston k\u00e4ytt\u00f6oppaaksi tai napsauta PDF-linkki\u00e4.<br \/>\n<a style=\"font-size: 1.5em;\" href=\"\">Linkki PDF-tiedostoon<\/a><br \/>\n<img decoding=\"async\" src=\"\" alt=\"QR\"><\/p>\n<\/div>\n<\/div>\n<div class=\"other-products-in-store\">\n<p>Muista ett\u00e4 lamppu kuumenee. Anna j\u00e4\u00e4hty\u00e4 ennen kuin laitat sen pois. <\/p>\n<p><strong>Irrota laite verkkovirrasta kun hoito on valmis.<\/strong><\/p>\n<a class=\"btn btn-secondary\" href=\"\/fi\/kauppa\">KATSO MUUT TUOTTEET KAUPASSA<\/a>\n<\/div>\n<div class=\"gallery-wrapper\"><a class=\"gallery-item\" href=\"https:\/\/irelt.com\/wp-content\/uploads\/2025\/10\/IRELT-H1-Table-1.webp\"><br \/>\n<img decoding=\"async\" src=\"https:\/\/irelt.com\/wp-content\/uploads\/2025\/10\/IRELT-H1-Table-1.webp\" alt=\"IRELT H1 Table\"><br \/>\n<\/a><br \/>\n<a class=\"gallery-item\" href=\"https:\/\/irelt.com\/wp-content\/uploads\/2025\/10\/IRELT-H1-Table-2.webp\"><br \/>\n<img decoding=\"async\" src=\"https:\/\/irelt.com\/wp-content\/uploads\/2025\/10\/IRELT-H1-Table-2.webp\"><br \/>\n<\/a><br \/>\n<a class=\"gallery-item\" href=\"https:\/\/irelt.com\/wp-content\/uploads\/2025\/10\/IRELT-H1-Table-3.webp\"><br \/>\n<img decoding=\"async\" src=\"https:\/\/irelt.com\/wp-content\/uploads\/2025\/10\/IRELT-H1-Table-3.webp\"><br \/>\n<\/a><br \/>\n<a class=\"gallery-item\" href=\"https:\/\/irelt.com\/wp-content\/uploads\/2025\/10\/IRELT-H1-Table-4.webp\"><br \/>\n<img decoding=\"async\" src=\"https:\/\/irelt.com\/wp-content\/uploads\/2025\/10\/IRELT-H1-Table-4.webp\"><br \/>\n<\/a><br \/>\n<a class=\"gallery-item\" href=\"https:\/\/irelt.com\/wp-content\/uploads\/2025\/10\/IRELT-H1-TABLE-5.webp\"><br \/>\n<img decoding=\"async\" src=\"https:\/\/irelt.com\/wp-content\/uploads\/2025\/10\/IRELT-H1-TABLE-5.webp\"><br \/>\n<\/a><br \/>\n<a class=\"gallery-item\" href=\"https:\/\/irelt.com\/wp-content\/uploads\/2025\/10\/IRELT-H1-TABLE-6.webp\"><br \/>\n<img decoding=\"async\" src=\"https:\/\/irelt.com\/wp-content\/uploads\/2025\/10\/IRELT-H1-TABLE-6.webp\"><br \/>\n<\/a><br \/>\n<a class=\"gallery-item\" href=\"https:\/\/irelt.com\/wp-content\/uploads\/2025\/10\/IRELT-H1-TABLE-7.webp\"><br \/>\n<img decoding=\"async\" src=\"https:\/\/irelt.com\/wp-content\/uploads\/2025\/10\/IRELT-H1-TABLE-7.webp\"><br \/>\n<\/a><\/div>\n<div id=\"custom-lightbox\" class=\"custom-lightbox\"><span class=\"custom-lightbox-close\">\u00d7<\/span><br \/>\n<img id=\"custom-lightbox-img\" class=\"custom-lightbox-content\"><\/div>\n","protected":false},"excerpt":{"rendered":"<p>IRELT H1 TABLE mallissa on eritt\u00e4in tehokas IRELT MEGA STRONG 1600 NM infrapunaloistelamppu jota voidaan s\u00e4\u00e4t\u00e4\u00e4 yl\u00f6s ja alas.<\/p>\n<p>Juuri nyt <strong>ILMAINEN TOIMITUS<\/strong> kaikkialle Eurooppaan!<\/p>\n","protected":false},"featured_media":6526,"comment_status":"closed","ping_status":"closed","template":"","meta":[],"product_brand":[],"product_cat":[68],"product_tag":[],"class_list":{"0":"post-4976","1":"product","2":"type-product","3":"status-publish","4":"has-post-thumbnail","6":"product_cat-okategoriserad","8":"first","9":"instock","10":"taxable","11":"shipping-taxable","12":"purchasable","13":"product-type-simple"},"yoast_head":"<!-- This site is optimized with the Yoast SEO plugin v24.0 - https:\/\/yoast.com\/wordpress\/plugins\/seo\/ -->\n<title>IRELT H1 TABLE | IRELT - INFRARED ENERGY LIGHT THERAPY<\/title>\n<meta name=\"robots\" content=\"index, follow, max-snippet:-1, max-image-preview:large, max-video-preview:-1\" \/>\n<link rel=\"canonical\" href=\"https:\/\/irelt.com\/fi\/kauppa\/irelt-h1-table\/\" \/>\n<meta property=\"og:locale\" content=\"fi_FI\" \/>\n<meta property=\"og:type\" content=\"article\" \/>\n<meta property=\"og:title\" content=\"IRELT H1 TABLE | IRELT - INFRARED ENERGY LIGHT THERAPY\" \/>\n<meta property=\"og:description\" content=\"IRELT H1 TABLE mallissa on eritt\u00e4in tehokas IRELT MEGA STRONG 1600 NM infrapunaloistelamppu jota voidaan s\u00e4\u00e4t\u00e4\u00e4 yl\u00f6s ja alas. Juuri nyt ILMAINEN TOIMITUS kaikkialle Eurooppaan!\" \/>\n<meta property=\"og:url\" content=\"https:\/\/irelt.com\/fi\/kauppa\/irelt-h1-table\/\" \/>\n<meta property=\"og:site_name\" content=\"IRELT\" \/>\n<meta property=\"article:modified_time\" content=\"2026-03-10T18:31:43+00:00\" \/>\n<meta property=\"og:image\" content=\"https:\/\/irelt.com\/wp-content\/uploads\/2025\/10\/IRELT-H1-Table-2.webp\" \/>\n\t<meta property=\"og:image:width\" content=\"1620\" \/>\n\t<meta property=\"og:image:height\" content=\"1080\" \/>\n\t<meta property=\"og:image:type\" content=\"image\/webp\" \/>\n<meta name=\"twitter:card\" content=\"summary_large_image\" \/>\n<meta name=\"twitter:label1\" content=\"Arvioitu lukuaika\" \/>\n\t<meta name=\"twitter:data1\" content=\"2 minuutti\" \/>\n<script type=\"application\/ld+json\" class=\"yoast-schema-graph\">{\"@context\":\"https:\/\/schema.org\",\"@graph\":[{\"@type\":\"WebPage\",\"@id\":\"https:\/\/irelt.com\/fi\/kauppa\/irelt-h1-table\/\",\"url\":\"https:\/\/irelt.com\/fi\/kauppa\/irelt-h1-table\/\",\"name\":\"IRELT H1 TABLE | IRELT - INFRARED ENERGY LIGHT THERAPY\",\"isPartOf\":{\"@id\":\"https:\/\/irelt.com\/fi\/#website\"},\"primaryImageOfPage\":{\"@id\":\"https:\/\/irelt.com\/fi\/kauppa\/irelt-h1-table\/#primaryimage\"},\"image\":{\"@id\":\"https:\/\/irelt.com\/fi\/kauppa\/irelt-h1-table\/#primaryimage\"},\"thumbnailUrl\":\"https:\/\/irelt.com\/wp-content\/uploads\/2025\/10\/IRELT-H1-Table-2.webp\",\"datePublished\":\"2025-10-08T16:30:10+00:00\",\"dateModified\":\"2026-03-10T18:31:43+00:00\",\"breadcrumb\":{\"@id\":\"https:\/\/irelt.com\/fi\/kauppa\/irelt-h1-table\/#breadcrumb\"},\"inLanguage\":\"fi\",\"potentialAction\":[{\"@type\":\"ReadAction\",\"target\":[\"https:\/\/irelt.com\/fi\/kauppa\/irelt-h1-table\/\"]}]},{\"@type\":\"ImageObject\",\"inLanguage\":\"fi\",\"@id\":\"https:\/\/irelt.com\/fi\/kauppa\/irelt-h1-table\/#primaryimage\",\"url\":\"https:\/\/irelt.com\/wp-content\/uploads\/2025\/10\/IRELT-H1-Table-2.webp\",\"contentUrl\":\"https:\/\/irelt.com\/wp-content\/uploads\/2025\/10\/IRELT-H1-Table-2.webp\",\"width\":1620,\"height\":1080,\"caption\":\"IRELT H1 Table\"},{\"@type\":\"BreadcrumbList\",\"@id\":\"https:\/\/irelt.com\/fi\/kauppa\/irelt-h1-table\/#breadcrumb\",\"itemListElement\":[{\"@type\":\"ListItem\",\"position\":1,\"name\":\"Hem\",\"item\":\"https:\/\/irelt.com\/fi\/\"},{\"@type\":\"ListItem\",\"position\":2,\"name\":\"Kauppa\",\"item\":\"https:\/\/irelt.com\/fi\/kauppa-2\/\"},{\"@type\":\"ListItem\",\"position\":3,\"name\":\"IRELT H1 TABLE\"}]},{\"@type\":\"WebSite\",\"@id\":\"https:\/\/irelt.com\/fi\/#website\",\"url\":\"https:\/\/irelt.com\/fi\/\",\"name\":\"IRELT\",\"description\":\"\",\"potentialAction\":[{\"@type\":\"SearchAction\",\"target\":{\"@type\":\"EntryPoint\",\"urlTemplate\":\"https:\/\/irelt.com\/fi\/?s={search_term_string}\"},\"query-input\":{\"@type\":\"PropertyValueSpecification\",\"valueRequired\":true,\"valueName\":\"search_term_string\"}}],\"inLanguage\":\"fi\"}]}<\/script>\n<!-- \/ Yoast SEO plugin. -->","yoast_head_json":{"title":"IRELT H1 TABLE | IRELT - INFRARED ENERGY LIGHT THERAPY","robots":{"index":"index","follow":"follow","max-snippet":"max-snippet:-1","max-image-preview":"max-image-preview:large","max-video-preview":"max-video-preview:-1"},"canonical":"https:\/\/irelt.com\/fi\/kauppa\/irelt-h1-table\/","og_locale":"fi_FI","og_type":"article","og_title":"IRELT H1 TABLE | IRELT - INFRARED ENERGY LIGHT THERAPY","og_description":"IRELT H1 TABLE mallissa on eritt\u00e4in tehokas IRELT MEGA STRONG 1600 NM infrapunaloistelamppu jota voidaan s\u00e4\u00e4t\u00e4\u00e4 yl\u00f6s ja alas. Juuri nyt ILMAINEN TOIMITUS kaikkialle Eurooppaan!","og_url":"https:\/\/irelt.com\/fi\/kauppa\/irelt-h1-table\/","og_site_name":"IRELT","article_modified_time":"2026-03-10T18:31:43+00:00","og_image":[{"width":1620,"height":1080,"url":"https:\/\/irelt.com\/wp-content\/uploads\/2025\/10\/IRELT-H1-Table-2.webp","type":"image\/webp"}],"twitter_card":"summary_large_image","twitter_misc":{"Arvioitu lukuaika":"2 minuutti"},"schema":{"@context":"https:\/\/schema.org","@graph":[{"@type":"WebPage","@id":"https:\/\/irelt.com\/fi\/kauppa\/irelt-h1-table\/","url":"https:\/\/irelt.com\/fi\/kauppa\/irelt-h1-table\/","name":"IRELT H1 TABLE | IRELT - INFRARED ENERGY LIGHT THERAPY","isPartOf":{"@id":"https:\/\/irelt.com\/fi\/#website"},"primaryImageOfPage":{"@id":"https:\/\/irelt.com\/fi\/kauppa\/irelt-h1-table\/#primaryimage"},"image":{"@id":"https:\/\/irelt.com\/fi\/kauppa\/irelt-h1-table\/#primaryimage"},"thumbnailUrl":"https:\/\/irelt.com\/wp-content\/uploads\/2025\/10\/IRELT-H1-Table-2.webp","datePublished":"2025-10-08T16:30:10+00:00","dateModified":"2026-03-10T18:31:43+00:00","breadcrumb":{"@id":"https:\/\/irelt.com\/fi\/kauppa\/irelt-h1-table\/#breadcrumb"},"inLanguage":"fi","potentialAction":[{"@type":"ReadAction","target":["https:\/\/irelt.com\/fi\/kauppa\/irelt-h1-table\/"]}]},{"@type":"ImageObject","inLanguage":"fi","@id":"https:\/\/irelt.com\/fi\/kauppa\/irelt-h1-table\/#primaryimage","url":"https:\/\/irelt.com\/wp-content\/uploads\/2025\/10\/IRELT-H1-Table-2.webp","contentUrl":"https:\/\/irelt.com\/wp-content\/uploads\/2025\/10\/IRELT-H1-Table-2.webp","width":1620,"height":1080,"caption":"IRELT H1 Table"},{"@type":"BreadcrumbList","@id":"https:\/\/irelt.com\/fi\/kauppa\/irelt-h1-table\/#breadcrumb","itemListElement":[{"@type":"ListItem","position":1,"name":"Hem","item":"https:\/\/irelt.com\/fi\/"},{"@type":"ListItem","position":2,"name":"Kauppa","item":"https:\/\/irelt.com\/fi\/kauppa-2\/"},{"@type":"ListItem","position":3,"name":"IRELT H1 TABLE"}]},{"@type":"WebSite","@id":"https:\/\/irelt.com\/fi\/#website","url":"https:\/\/irelt.com\/fi\/","name":"IRELT","description":"","potentialAction":[{"@type":"SearchAction","target":{"@type":"EntryPoint","urlTemplate":"https:\/\/irelt.com\/fi\/?s={search_term_string}"},"query-input":{"@type":"PropertyValueSpecification","valueRequired":true,"valueName":"search_term_string"}}],"inLanguage":"fi"}]}},"_links":{"self":[{"href":"https:\/\/irelt.com\/fi\/wp-json\/wp\/v2\/product\/4976","targetHints":{"allow":["GET"]}}],"collection":[{"href":"https:\/\/irelt.com\/fi\/wp-json\/wp\/v2\/product"}],"about":[{"href":"https:\/\/irelt.com\/fi\/wp-json\/wp\/v2\/types\/product"}],"replies":[{"embeddable":true,"href":"https:\/\/irelt.com\/fi\/wp-json\/wp\/v2\/comments?post=4976"}],"wp:featuredmedia":[{"embeddable":true,"href":"https:\/\/irelt.com\/fi\/wp-json\/wp\/v2\/media\/6526"}],"wp:attachment":[{"href":"https:\/\/irelt.com\/fi\/wp-json\/wp\/v2\/media?parent=4976"}],"wp:term":[{"taxonomy":"product_brand","embeddable":true,"href":"https:\/\/irelt.com\/fi\/wp-json\/wp\/v2\/product_brand?post=4976"},{"taxonomy":"product_cat","embeddable":true,"href":"https:\/\/irelt.com\/fi\/wp-json\/wp\/v2\/product_cat?post=4976"},{"taxonomy":"product_tag","embeddable":true,"href":"https:\/\/irelt.com\/fi\/wp-json\/wp\/v2\/product_tag?post=4976"}],"curies":[{"name":"wp","href":"https:\/\/api.w.org\/{rel}","templated":true}]}}