{"id":5101,"date":"2025-10-12T18:11:56","date_gmt":"2025-10-12T18:11:56","guid":{"rendered":"https:\/\/irelt.com\/butik\/irelt-a26-hevonen\/"},"modified":"2026-03-10T19:22:27","modified_gmt":"2026-03-10T19:22:27","slug":"irelt-a26-hevonen","status":"publish","type":"product","link":"https:\/\/irelt.com\/fi\/kauppa\/irelt-a26-hevonen\/","title":{"rendered":"IRELT A26 HEVONEN"},"content":{"rendered":"<p>Hoito IRELTlla voi esim. johtaa useisiin my\u00f6nteisiin terveysvaikutuksiin jotka nopeuttavat vammojen paranemista ja lyhyemm\u00e4n toipumisajan kilpailun ja kovan ty\u00f6n j\u00e4lkeen. IRELTia voidaan k\u00e4ytt\u00e4\u00e4 saavuttaakseen hy\u00f6dyn ennen kovaa rasitusta vammojen ehk\u00e4isemiseksi sek\u00e4 sen j\u00e4lkeen nopeampaan palautumiseen ja hoitoon.  <\/p>\n<div class=\"other-products-in-store\">\n<a class=\"btn btn-secondary\" href=\"\/fi\/kauppa\">KATSO MUUT TUOTTEET KAUPASSA<\/a>\n<\/div>\n<div class=\"gallery-wrapper\"><a class=\"gallery-item\" href=\"https:\/\/irelt.com\/wp-content\/uploads\/2025\/10\/irelt-a26-horse-2.webp\"><br \/>\n<img decoding=\"async\" src=\"https:\/\/irelt.com\/wp-content\/uploads\/2025\/10\/irelt-a26-horse-2.webp\" alt=\"IRELT A26\"><br \/>\n<\/a><br \/>\n<a class=\"gallery-item\" href=\"https:\/\/irelt.com\/wp-content\/uploads\/2025\/10\/irelt-a26-horse-1.webp\"><br \/>\n<img decoding=\"async\" src=\"https:\/\/irelt.com\/wp-content\/uploads\/2025\/10\/irelt-a26-horse-1.webp\"><br \/>\n<\/a><br \/>\n<a class=\"gallery-item\" href=\"https:\/\/irelt.com\/wp-content\/uploads\/2025\/10\/irelt-a26.webp\"><br \/>\n<img decoding=\"async\" src=\"https:\/\/irelt.com\/wp-content\/uploads\/2025\/10\/irelt-a26.webp\"><br \/>\n<\/a><br \/>\n<a class=\"gallery-item\" href=\"https:\/\/irelt.com\/wp-content\/uploads\/2025\/10\/irelt-a262.webp\"><br \/>\n<img decoding=\"async\" src=\"https:\/\/irelt.com\/wp-content\/uploads\/2025\/10\/irelt-a262.webp\"><br \/>\n<\/a><\/div>\n<div id=\"custom-lightbox\" class=\"custom-lightbox\"><span class=\"custom-lightbox-close\">\u00d7<\/span><br \/>\n<img id=\"custom-lightbox-img\" class=\"custom-lightbox-content\"><\/div>\n","protected":false},"excerpt":{"rendered":"<p>IRELT A26 sis\u00e4lt\u00e4\u00e4 26 kpl. IRELT MEGA STRONG 1600NM infrapunaloisteputkia.<br \/>\n8 kpl. ylim\u00e4\u00e4r\u00e4ist\u00e4 infrapuna loisteputkea hevosen jalan yl\u00e4osassa.<br \/>\nS\u00e4hk\u00f6kaappi ajastimella sis\u00e4ltyy toimitukseen.<br \/>\nS\u00e4\u00e4dett\u00e4v\u00e4 teleskooppiputki tai hevoskarsinoiden v\u00e4linen teleskooppiputki ei sis\u00e4lly toimitukseen.<br \/>\n400V\/6500W<\/p>\n<p>El\u00e4inl\u00e4\u00e4k\u00e4rit suosittelevat!<\/p>\n<p>Jos haluat asennuksen, ota meihin yhteytt\u00e4 info@irelt.com<\/p>\n<p>Juuri nyt <strong>ILMAINEN TOIMITUS<\/strong> kaikkialle Eurooppaan!<\/p>\n","protected":false},"featured_media":4796,"comment_status":"closed","ping_status":"closed","template":"","meta":[],"product_brand":[],"product_cat":[68],"product_tag":[72],"class_list":{"0":"post-5101","1":"product","2":"type-product","3":"status-publish","4":"has-post-thumbnail","6":"product_cat-okategoriserad","7":"product_tag-moms-special","9":"first","10":"instock","11":"taxable","12":"shipping-taxable","13":"purchasable","14":"product-type-simple"},"yoast_head":"<!-- This site is optimized with the Yoast SEO plugin v24.0 - https:\/\/yoast.com\/wordpress\/plugins\/seo\/ -->\n<title>IRELT A26 HEVONEN | IRELT - INFRARED ENERGY LIGHT THERAPY<\/title>\n<meta name=\"robots\" content=\"index, follow, max-snippet:-1, max-image-preview:large, max-video-preview:-1\" \/>\n<link rel=\"canonical\" href=\"https:\/\/irelt.com\/fi\/kauppa\/irelt-a26-hevonen\/\" \/>\n<meta property=\"og:locale\" content=\"fi_FI\" \/>\n<meta property=\"og:type\" content=\"article\" \/>\n<meta property=\"og:title\" content=\"IRELT A26 HEVONEN | IRELT - INFRARED ENERGY LIGHT THERAPY\" \/>\n<meta property=\"og:description\" content=\"IRELT A26 sis\u00e4lt\u00e4\u00e4 26 kpl. IRELT MEGA STRONG 1600NM infrapunaloisteputkia. 8 kpl. ylim\u00e4\u00e4r\u00e4ist\u00e4 infrapuna loisteputkea hevosen jalan yl\u00e4osassa. S\u00e4hk\u00f6kaappi ajastimella sis\u00e4ltyy toimitukseen. S\u00e4\u00e4dett\u00e4v\u00e4 teleskooppiputki tai hevoskarsinoiden v\u00e4linen teleskooppiputki ei sis\u00e4lly toimitukseen. 400V\/6500W  El\u00e4inl\u00e4\u00e4k\u00e4rit suosittelevat!  Jos haluat asennuksen, ota meihin yhteytt\u00e4 info@irelt.com Juuri nyt ILMAINEN TOIMITUS kaikkialle Eurooppaan!\" \/>\n<meta property=\"og:url\" content=\"https:\/\/irelt.com\/fi\/kauppa\/irelt-a26-hevonen\/\" \/>\n<meta property=\"og:site_name\" content=\"IRELT\" \/>\n<meta property=\"article:modified_time\" content=\"2026-03-10T19:22:27+00:00\" \/>\n<meta property=\"og:image\" content=\"https:\/\/irelt.com\/wp-content\/uploads\/2025\/10\/irelt-a26-horse-2.webp\" \/>\n\t<meta property=\"og:image:width\" content=\"576\" \/>\n\t<meta property=\"og:image:height\" content=\"1024\" \/>\n\t<meta property=\"og:image:type\" content=\"image\/webp\" \/>\n<meta name=\"twitter:card\" content=\"summary_large_image\" \/>\n<script type=\"application\/ld+json\" class=\"yoast-schema-graph\">{\"@context\":\"https:\/\/schema.org\",\"@graph\":[{\"@type\":\"WebPage\",\"@id\":\"https:\/\/irelt.com\/fi\/kauppa\/irelt-a26-hevonen\/\",\"url\":\"https:\/\/irelt.com\/fi\/kauppa\/irelt-a26-hevonen\/\",\"name\":\"IRELT A26 HEVONEN | IRELT - INFRARED ENERGY LIGHT THERAPY\",\"isPartOf\":{\"@id\":\"https:\/\/irelt.com\/fi\/#website\"},\"primaryImageOfPage\":{\"@id\":\"https:\/\/irelt.com\/fi\/kauppa\/irelt-a26-hevonen\/#primaryimage\"},\"image\":{\"@id\":\"https:\/\/irelt.com\/fi\/kauppa\/irelt-a26-hevonen\/#primaryimage\"},\"thumbnailUrl\":\"https:\/\/irelt.com\/wp-content\/uploads\/2025\/10\/irelt-a26-horse-2.webp\",\"datePublished\":\"2025-10-12T18:11:56+00:00\",\"dateModified\":\"2026-03-10T19:22:27+00:00\",\"breadcrumb\":{\"@id\":\"https:\/\/irelt.com\/fi\/kauppa\/irelt-a26-hevonen\/#breadcrumb\"},\"inLanguage\":\"fi\",\"potentialAction\":[{\"@type\":\"ReadAction\",\"target\":[\"https:\/\/irelt.com\/fi\/kauppa\/irelt-a26-hevonen\/\"]}]},{\"@type\":\"ImageObject\",\"inLanguage\":\"fi\",\"@id\":\"https:\/\/irelt.com\/fi\/kauppa\/irelt-a26-hevonen\/#primaryimage\",\"url\":\"https:\/\/irelt.com\/wp-content\/uploads\/2025\/10\/irelt-a26-horse-2.webp\",\"contentUrl\":\"https:\/\/irelt.com\/wp-content\/uploads\/2025\/10\/irelt-a26-horse-2.webp\",\"width\":576,\"height\":1024},{\"@type\":\"BreadcrumbList\",\"@id\":\"https:\/\/irelt.com\/fi\/kauppa\/irelt-a26-hevonen\/#breadcrumb\",\"itemListElement\":[{\"@type\":\"ListItem\",\"position\":1,\"name\":\"Hem\",\"item\":\"https:\/\/irelt.com\/fi\/\"},{\"@type\":\"ListItem\",\"position\":2,\"name\":\"Kauppa\",\"item\":\"https:\/\/irelt.com\/fi\/kauppa-2\/\"},{\"@type\":\"ListItem\",\"position\":3,\"name\":\"IRELT A26 HEVONEN\"}]},{\"@type\":\"WebSite\",\"@id\":\"https:\/\/irelt.com\/fi\/#website\",\"url\":\"https:\/\/irelt.com\/fi\/\",\"name\":\"IRELT\",\"description\":\"\",\"potentialAction\":[{\"@type\":\"SearchAction\",\"target\":{\"@type\":\"EntryPoint\",\"urlTemplate\":\"https:\/\/irelt.com\/fi\/?s={search_term_string}\"},\"query-input\":{\"@type\":\"PropertyValueSpecification\",\"valueRequired\":true,\"valueName\":\"search_term_string\"}}],\"inLanguage\":\"fi\"}]}<\/script>\n<!-- \/ Yoast SEO plugin. -->","yoast_head_json":{"title":"IRELT A26 HEVONEN | IRELT - INFRARED ENERGY LIGHT THERAPY","robots":{"index":"index","follow":"follow","max-snippet":"max-snippet:-1","max-image-preview":"max-image-preview:large","max-video-preview":"max-video-preview:-1"},"canonical":"https:\/\/irelt.com\/fi\/kauppa\/irelt-a26-hevonen\/","og_locale":"fi_FI","og_type":"article","og_title":"IRELT A26 HEVONEN | IRELT - INFRARED ENERGY LIGHT THERAPY","og_description":"IRELT A26 sis\u00e4lt\u00e4\u00e4 26 kpl. IRELT MEGA STRONG 1600NM infrapunaloisteputkia. 8 kpl. ylim\u00e4\u00e4r\u00e4ist\u00e4 infrapuna loisteputkea hevosen jalan yl\u00e4osassa. S\u00e4hk\u00f6kaappi ajastimella sis\u00e4ltyy toimitukseen. S\u00e4\u00e4dett\u00e4v\u00e4 teleskooppiputki tai hevoskarsinoiden v\u00e4linen teleskooppiputki ei sis\u00e4lly toimitukseen. 400V\/6500W  El\u00e4inl\u00e4\u00e4k\u00e4rit suosittelevat!  Jos haluat asennuksen, ota meihin yhteytt\u00e4 info@irelt.com Juuri nyt ILMAINEN TOIMITUS kaikkialle Eurooppaan!","og_url":"https:\/\/irelt.com\/fi\/kauppa\/irelt-a26-hevonen\/","og_site_name":"IRELT","article_modified_time":"2026-03-10T19:22:27+00:00","og_image":[{"width":576,"height":1024,"url":"https:\/\/irelt.com\/wp-content\/uploads\/2025\/10\/irelt-a26-horse-2.webp","type":"image\/webp"}],"twitter_card":"summary_large_image","schema":{"@context":"https:\/\/schema.org","@graph":[{"@type":"WebPage","@id":"https:\/\/irelt.com\/fi\/kauppa\/irelt-a26-hevonen\/","url":"https:\/\/irelt.com\/fi\/kauppa\/irelt-a26-hevonen\/","name":"IRELT A26 HEVONEN | IRELT - INFRARED ENERGY LIGHT THERAPY","isPartOf":{"@id":"https:\/\/irelt.com\/fi\/#website"},"primaryImageOfPage":{"@id":"https:\/\/irelt.com\/fi\/kauppa\/irelt-a26-hevonen\/#primaryimage"},"image":{"@id":"https:\/\/irelt.com\/fi\/kauppa\/irelt-a26-hevonen\/#primaryimage"},"thumbnailUrl":"https:\/\/irelt.com\/wp-content\/uploads\/2025\/10\/irelt-a26-horse-2.webp","datePublished":"2025-10-12T18:11:56+00:00","dateModified":"2026-03-10T19:22:27+00:00","breadcrumb":{"@id":"https:\/\/irelt.com\/fi\/kauppa\/irelt-a26-hevonen\/#breadcrumb"},"inLanguage":"fi","potentialAction":[{"@type":"ReadAction","target":["https:\/\/irelt.com\/fi\/kauppa\/irelt-a26-hevonen\/"]}]},{"@type":"ImageObject","inLanguage":"fi","@id":"https:\/\/irelt.com\/fi\/kauppa\/irelt-a26-hevonen\/#primaryimage","url":"https:\/\/irelt.com\/wp-content\/uploads\/2025\/10\/irelt-a26-horse-2.webp","contentUrl":"https:\/\/irelt.com\/wp-content\/uploads\/2025\/10\/irelt-a26-horse-2.webp","width":576,"height":1024},{"@type":"BreadcrumbList","@id":"https:\/\/irelt.com\/fi\/kauppa\/irelt-a26-hevonen\/#breadcrumb","itemListElement":[{"@type":"ListItem","position":1,"name":"Hem","item":"https:\/\/irelt.com\/fi\/"},{"@type":"ListItem","position":2,"name":"Kauppa","item":"https:\/\/irelt.com\/fi\/kauppa-2\/"},{"@type":"ListItem","position":3,"name":"IRELT A26 HEVONEN"}]},{"@type":"WebSite","@id":"https:\/\/irelt.com\/fi\/#website","url":"https:\/\/irelt.com\/fi\/","name":"IRELT","description":"","potentialAction":[{"@type":"SearchAction","target":{"@type":"EntryPoint","urlTemplate":"https:\/\/irelt.com\/fi\/?s={search_term_string}"},"query-input":{"@type":"PropertyValueSpecification","valueRequired":true,"valueName":"search_term_string"}}],"inLanguage":"fi"}]}},"_links":{"self":[{"href":"https:\/\/irelt.com\/fi\/wp-json\/wp\/v2\/product\/5101","targetHints":{"allow":["GET"]}}],"collection":[{"href":"https:\/\/irelt.com\/fi\/wp-json\/wp\/v2\/product"}],"about":[{"href":"https:\/\/irelt.com\/fi\/wp-json\/wp\/v2\/types\/product"}],"replies":[{"embeddable":true,"href":"https:\/\/irelt.com\/fi\/wp-json\/wp\/v2\/comments?post=5101"}],"wp:featuredmedia":[{"embeddable":true,"href":"https:\/\/irelt.com\/fi\/wp-json\/wp\/v2\/media\/4796"}],"wp:attachment":[{"href":"https:\/\/irelt.com\/fi\/wp-json\/wp\/v2\/media?parent=5101"}],"wp:term":[{"taxonomy":"product_brand","embeddable":true,"href":"https:\/\/irelt.com\/fi\/wp-json\/wp\/v2\/product_brand?post=5101"},{"taxonomy":"product_cat","embeddable":true,"href":"https:\/\/irelt.com\/fi\/wp-json\/wp\/v2\/product_cat?post=5101"},{"taxonomy":"product_tag","embeddable":true,"href":"https:\/\/irelt.com\/fi\/wp-json\/wp\/v2\/product_tag?post=5101"}],"curies":[{"name":"wp","href":"https:\/\/api.w.org\/{rel}","templated":true}]}}